{"id":2,"date":"2021-02-22T00:56:48","date_gmt":"2021-02-22T00:56:48","guid":{"rendered":"http:\/?page_id=2"},"modified":"2024-03-15T11:15:31","modified_gmt":"2024-03-15T10:15:31","slug":"sample-page","status":"publish","type":"page","link":"https:\/\/tiffany.serveblog.net\/","title":{"rendered":"Von Schafschnitz"},"content":{"rendered":"\n<p><\/p>\n\n\n\n<p>Aktuell ist kein Wurf geplant. Andere Z\u00fcchter finden Sie auf der Homepage des Klubs f\u00fcr \u00f6sterreichische Pinscher.  https:\/\/oe-pinscher-klub.at\/<\/p>\n\n\n\n<p><\/p>\n\n\n\n<div class=\"wp-block-group is-layout-flow wp-block-group-is-layout-flow\"><div class=\"wp-block-group__inner-container\"><\/div><\/div>\n","protected":false},"excerpt":{"rendered":"<p>Aktuell ist kein Wurf geplant. Andere Z\u00fcchter finden Sie auf der Homepage des Klubs f\u00fcr \u00f6sterreichische Pinscher. https:\/\/oe-pinscher-klub.at\/<\/p>\n","protected":false},"author":1,"featured_media":0,"parent":0,"menu_order":0,"comment_status":"closed","ping_status":"open","template":"","meta":{"footnotes":""},"_links":{"self":[{"href":"https:\/\/tiffany.serveblog.net\/index.php?rest_route=\/wp\/v2\/pages\/2"}],"collection":[{"href":"https:\/\/tiffany.serveblog.net\/index.php?rest_route=\/wp\/v2\/pages"}],"about":[{"href":"https:\/\/tiffany.serveblog.net\/index.php?rest_route=\/wp\/v2\/types\/page"}],"author":[{"embeddable":true,"href":"https:\/\/tiffany.serveblog.net\/index.php?rest_route=\/wp\/v2\/users\/1"}],"replies":[{"embeddable":true,"href":"https:\/\/tiffany.serveblog.net\/index.php?rest_route=%2Fwp%2Fv2%2Fcomments&post=2"}],"version-history":[{"count":12,"href":"https:\/\/tiffany.serveblog.net\/index.php?rest_route=\/wp\/v2\/pages\/2\/revisions"}],"predecessor-version":[{"id":911,"href":"https:\/\/tiffany.serveblog.net\/index.php?rest_route=\/wp\/v2\/pages\/2\/revisions\/911"}],"wp:attachment":[{"href":"https:\/\/tiffany.serveblog.net\/index.php?rest_route=%2Fwp%2Fv2%2Fmedia&parent=2"}],"curies":[{"name":"wp","href":"https:\/\/api.w.org\/{rel}","templated":true}]}}